{"id":63,"date":"2026-04-12T23:21:51","date_gmt":"2026-04-12T19:21:51","guid":{"rendered":"https:\/\/woodmebel.com\/?page_id=63"},"modified":"2026-04-13T01:23:17","modified_gmt":"2026-04-12T21:23:17","slug":"m%c9%99tb%c9%99x-mebeli","status":"publish","type":"page","link":"https:\/\/woodmebel.com\/?page_id=63","title":{"rendered":"M\u0259tb\u0259x mebeli"},"content":{"rendered":"\n<figure class=\"wp-block-gallery has-nested-images columns-default is-cropped wp-block-gallery-1 is-layout-flex wp-block-gallery-is-layout-flex\">\n<figure class=\"wp-block-image size-full\"><img loading=\"lazy\" decoding=\"async\" width=\"750\" height=\"750\" data-id=\"28\" src=\"https:\/\/woodmebel.com\/wp-content\/uploads\/2026\/04\/10006995941.jpg\" alt=\"\" class=\"wp-image-28\" srcset=\"https:\/\/woodmebel.com\/wp-content\/uploads\/2026\/04\/10006995941.jpg 750w, https:\/\/woodmebel.com\/wp-content\/uploads\/2026\/04\/10006995941-300x300.jpg 300w, https:\/\/woodmebel.com\/wp-content\/uploads\/2026\/04\/10006995941-150x150.jpg 150w\" sizes=\"auto, (max-width: 750px) 100vw, 750px\" \/><\/figure>\n<\/figure>\n\n\n\n<p>M\u0259tb\u0259x evin \u0259n vacib \u0259n \u00e7ox i\u015fl\u0259n\u0259n v\u0259 \u0259n \u00e7ox vaxt ke\u00e7iril\u0259n hiss\u0259sidir. M\u0259tb\u0259x \u0259n \u0259sasida xanimlarin g\u00fcn \u0259rzind\u0259 \u0259n \u00e7ox i\u015fl\u0259dikl\u0259ri dadl\u0131 t\u0259amlar haz\u0131rlad\u0131qlar\u0131 yerdir. Ona g\u00f6r\u0259d\u0259 m\u0259tb\u0259x mebeli se\u00e7\u0259rk\u0259n \u00e7ox diqq\u0259tli olmaq laz\u0131md\u0131r. \u00c7ox i\u015fl\u0259k yer oldu\u011funa g\u00f6r\u0259 mexanizml\u0259r v\u0259 materiallar diqq\u0259tl\u0259 se\u00e7ilm\u0259lidir. Wood mebel \u015firk\u0259ti olaraq minl\u0259rl\u0259 lahiy\u0259l\u0259r\u0259 imza atmi\u015f \u015firk\u0259tin m\u00fct\u0259x\u0259sisl\u0259ri il\u0259 m\u0259sl\u0259h\u0259tl\u0259\u015fm\u0259d\u0259n m\u0259tb\u0259x sifari\u015f verm\u0259y\u0259 t\u0259l\u0259sm\u0259yin!<\/p>\n\n\n\n<p><\/p>\n","protected":false},"excerpt":{"rendered":"<p>M\u0259tb\u0259x evin \u0259n vacib \u0259n \u00e7ox i\u015fl\u0259n\u0259n v\u0259 \u0259n \u00e7ox vaxt ke\u00e7iril\u0259n hiss\u0259sidir. M\u0259tb\u0259x \u0259n \u0259sasida xanimlarin g\u00fcn \u0259rzind\u0259 \u0259n \u00e7ox i\u015fl\u0259dikl\u0259ri dadl\u0131 t\u0259amlar haz\u0131rlad\u0131qlar\u0131 yerdir. Ona g\u00f6r\u0259d\u0259 m\u0259tb\u0259x mebeli se\u00e7\u0259rk\u0259n \u00e7ox diqq\u0259tli olmaq laz\u0131md\u0131r. \u00c7ox i\u015fl\u0259k yer oldu\u011funa g\u00f6r\u0259 mexanizml\u0259r v\u0259 materiallar diqq\u0259tl\u0259 se\u00e7ilm\u0259lidir. Wood mebel \u015firk\u0259ti olaraq minl\u0259rl\u0259 lahiy\u0259l\u0259r\u0259 imza atmi\u015f \u015firk\u0259tin m\u00fct\u0259x\u0259sisl\u0259ri [&hellip;]<\/p>\n","protected":false},"author":1,"featured_media":0,"parent":0,"menu_order":0,"comment_status":"closed","ping_status":"closed","template":"","meta":{"footnotes":""},"class_list":["post-63","page","type-page","status-publish","hentry"],"yoast_head":"<!-- This site is optimized with the Yoast SEO plugin v27.3 - https:\/\/yoast.com\/product\/yoast-seo-wordpress\/ -->\n<title>M\u0259tb\u0259x mebeli - Woodmebel.com<\/title>\n<meta name=\"description\" content=\"M\u0259tb\u0259x evin \u0259n vacib \u0259n \u00e7ox i\u015fl\u0259n\u0259n v\u0259 \u0259n \u00e7ox vaxt ke\u00e7iril\u0259n hiss\u0259sidir. Metbex \u0259n \u0259sasida xanimlarin g\u00fcn \u0259rzind\u0259 \u0259n \u00e7ox i\u015fl\u0259dikl\u0259ri yerdir.\" \/>\n<meta name=\"robots\" content=\"index, follow, max-snippet:-1, max-image-preview:large, max-video-preview:-1\" \/>\n<link rel=\"canonical\" href=\"https:\/\/woodmebel.com\/?page_id=63\" \/>\n<meta property=\"og:locale\" content=\"tr_TR\" \/>\n<meta property=\"og:type\" content=\"article\" \/>\n<meta property=\"og:title\" content=\"M\u0259tb\u0259x mebeli - Woodmebel.com\" \/>\n<meta property=\"og:description\" content=\"M\u0259tb\u0259x evin \u0259n vacib \u0259n \u00e7ox i\u015fl\u0259n\u0259n v\u0259 \u0259n \u00e7ox vaxt ke\u00e7iril\u0259n hiss\u0259sidir. Metbex \u0259n \u0259sasida xanimlarin g\u00fcn \u0259rzind\u0259 \u0259n \u00e7ox i\u015fl\u0259dikl\u0259ri yerdir.\" \/>\n<meta property=\"og:url\" content=\"https:\/\/woodmebel.com\/?page_id=63\" \/>\n<meta property=\"og:site_name\" content=\"Woodmebel.com\" \/>\n<meta property=\"article:modified_time\" content=\"2026-04-12T21:23:17+00:00\" \/>\n<meta property=\"og:image\" content=\"https:\/\/woodmebel.com\/wp-content\/uploads\/2026\/04\/10006995941.jpg\" \/>\n\t<meta property=\"og:image:width\" content=\"750\" \/>\n\t<meta property=\"og:image:height\" content=\"750\" \/>\n\t<meta property=\"og:image:type\" content=\"image\/jpeg\" \/>\n<meta name=\"twitter:card\" content=\"summary_large_image\" \/>\n<meta name=\"twitter:label1\" content=\"Tahmini okuma s\u00fcresi\" \/>\n\t<meta name=\"twitter:data1\" content=\"1 dakika\" \/>\n<script type=\"application\/ld+json\" class=\"yoast-schema-graph\">{\"@context\":\"https:\\\/\\\/schema.org\",\"@graph\":[{\"@type\":\"WebPage\",\"@id\":\"https:\\\/\\\/woodmebel.com\\\/?page_id=63\",\"url\":\"https:\\\/\\\/woodmebel.com\\\/?page_id=63\",\"name\":\"M\u0259tb\u0259x mebeli - Woodmebel.com\",\"isPartOf\":{\"@id\":\"https:\\\/\\\/woodmebel.com\\\/#website\"},\"primaryImageOfPage\":{\"@id\":\"https:\\\/\\\/woodmebel.com\\\/?page_id=63#primaryimage\"},\"image\":{\"@id\":\"https:\\\/\\\/woodmebel.com\\\/?page_id=63#primaryimage\"},\"thumbnailUrl\":\"https:\\\/\\\/woodmebel.com\\\/wp-content\\\/uploads\\\/2026\\\/04\\\/10006995941.jpg\",\"datePublished\":\"2026-04-12T19:21:51+00:00\",\"dateModified\":\"2026-04-12T21:23:17+00:00\",\"description\":\"M\u0259tb\u0259x evin \u0259n vacib \u0259n \u00e7ox i\u015fl\u0259n\u0259n v\u0259 \u0259n \u00e7ox vaxt ke\u00e7iril\u0259n hiss\u0259sidir. Metbex \u0259n \u0259sasida xanimlarin g\u00fcn \u0259rzind\u0259 \u0259n \u00e7ox i\u015fl\u0259dikl\u0259ri yerdir.\",\"breadcrumb\":{\"@id\":\"https:\\\/\\\/woodmebel.com\\\/?page_id=63#breadcrumb\"},\"inLanguage\":\"tr\",\"potentialAction\":[{\"@type\":\"ReadAction\",\"target\":[\"https:\\\/\\\/woodmebel.com\\\/?page_id=63\"]}]},{\"@type\":\"ImageObject\",\"inLanguage\":\"tr\",\"@id\":\"https:\\\/\\\/woodmebel.com\\\/?page_id=63#primaryimage\",\"url\":\"https:\\\/\\\/woodmebel.com\\\/wp-content\\\/uploads\\\/2026\\\/04\\\/10006995941.jpg\",\"contentUrl\":\"https:\\\/\\\/woodmebel.com\\\/wp-content\\\/uploads\\\/2026\\\/04\\\/10006995941.jpg\",\"width\":750,\"height\":750},{\"@type\":\"BreadcrumbList\",\"@id\":\"https:\\\/\\\/woodmebel.com\\\/?page_id=63#breadcrumb\",\"itemListElement\":[{\"@type\":\"ListItem\",\"position\":1,\"name\":\"Anasayfa\",\"item\":\"https:\\\/\\\/woodmebel.com\\\/\"},{\"@type\":\"ListItem\",\"position\":2,\"name\":\"M\u0259tb\u0259x mebeli\"}]},{\"@type\":\"WebSite\",\"@id\":\"https:\\\/\\\/woodmebel.com\\\/#website\",\"url\":\"https:\\\/\\\/woodmebel.com\\\/\",\"name\":\"Woodmebel.com\",\"description\":\"H\u018fR EV\u018f X\u00dcSUS\u0130 TOXUNU\u015e\",\"publisher\":{\"@id\":\"https:\\\/\\\/woodmebel.com\\\/#organization\"},\"potentialAction\":[{\"@type\":\"SearchAction\",\"target\":{\"@type\":\"EntryPoint\",\"urlTemplate\":\"https:\\\/\\\/woodmebel.com\\\/?s={search_term_string}\"},\"query-input\":{\"@type\":\"PropertyValueSpecification\",\"valueRequired\":true,\"valueName\":\"search_term_string\"}}],\"inLanguage\":\"tr\"},{\"@type\":\"Organization\",\"@id\":\"https:\\\/\\\/woodmebel.com\\\/#organization\",\"name\":\"Woodmebel.com\",\"url\":\"https:\\\/\\\/woodmebel.com\\\/\",\"logo\":{\"@type\":\"ImageObject\",\"inLanguage\":\"tr\",\"@id\":\"https:\\\/\\\/woodmebel.com\\\/#\\\/schema\\\/logo\\\/image\\\/\",\"url\":\"https:\\\/\\\/woodmebel.com\\\/wp-content\\\/uploads\\\/2026\\\/04\\\/W-1-e1775677591581.png\",\"contentUrl\":\"https:\\\/\\\/woodmebel.com\\\/wp-content\\\/uploads\\\/2026\\\/04\\\/W-1-e1775677591581.png\",\"width\":1200,\"height\":1200,\"caption\":\"Woodmebel.com\"},\"image\":{\"@id\":\"https:\\\/\\\/woodmebel.com\\\/#\\\/schema\\\/logo\\\/image\\\/\"}}]}<\/script>\n<!-- \/ Yoast SEO plugin. -->","yoast_head_json":{"title":"M\u0259tb\u0259x mebeli - Woodmebel.com","description":"M\u0259tb\u0259x evin \u0259n vacib \u0259n \u00e7ox i\u015fl\u0259n\u0259n v\u0259 \u0259n \u00e7ox vaxt ke\u00e7iril\u0259n hiss\u0259sidir. Metbex \u0259n \u0259sasida xanimlarin g\u00fcn \u0259rzind\u0259 \u0259n \u00e7ox i\u015fl\u0259dikl\u0259ri yerdir.","robots":{"index":"index","follow":"follow","max-snippet":"max-snippet:-1","max-image-preview":"max-image-preview:large","max-video-preview":"max-video-preview:-1"},"canonical":"https:\/\/woodmebel.com\/?page_id=63","og_locale":"tr_TR","og_type":"article","og_title":"M\u0259tb\u0259x mebeli - Woodmebel.com","og_description":"M\u0259tb\u0259x evin \u0259n vacib \u0259n \u00e7ox i\u015fl\u0259n\u0259n v\u0259 \u0259n \u00e7ox vaxt ke\u00e7iril\u0259n hiss\u0259sidir. Metbex \u0259n \u0259sasida xanimlarin g\u00fcn \u0259rzind\u0259 \u0259n \u00e7ox i\u015fl\u0259dikl\u0259ri yerdir.","og_url":"https:\/\/woodmebel.com\/?page_id=63","og_site_name":"Woodmebel.com","article_modified_time":"2026-04-12T21:23:17+00:00","og_image":[{"width":750,"height":750,"url":"https:\/\/woodmebel.com\/wp-content\/uploads\/2026\/04\/10006995941.jpg","type":"image\/jpeg"}],"twitter_card":"summary_large_image","twitter_misc":{"Tahmini okuma s\u00fcresi":"1 dakika"},"schema":{"@context":"https:\/\/schema.org","@graph":[{"@type":"WebPage","@id":"https:\/\/woodmebel.com\/?page_id=63","url":"https:\/\/woodmebel.com\/?page_id=63","name":"M\u0259tb\u0259x mebeli - Woodmebel.com","isPartOf":{"@id":"https:\/\/woodmebel.com\/#website"},"primaryImageOfPage":{"@id":"https:\/\/woodmebel.com\/?page_id=63#primaryimage"},"image":{"@id":"https:\/\/woodmebel.com\/?page_id=63#primaryimage"},"thumbnailUrl":"https:\/\/woodmebel.com\/wp-content\/uploads\/2026\/04\/10006995941.jpg","datePublished":"2026-04-12T19:21:51+00:00","dateModified":"2026-04-12T21:23:17+00:00","description":"M\u0259tb\u0259x evin \u0259n vacib \u0259n \u00e7ox i\u015fl\u0259n\u0259n v\u0259 \u0259n \u00e7ox vaxt ke\u00e7iril\u0259n hiss\u0259sidir. Metbex \u0259n \u0259sasida xanimlarin g\u00fcn \u0259rzind\u0259 \u0259n \u00e7ox i\u015fl\u0259dikl\u0259ri yerdir.","breadcrumb":{"@id":"https:\/\/woodmebel.com\/?page_id=63#breadcrumb"},"inLanguage":"tr","potentialAction":[{"@type":"ReadAction","target":["https:\/\/woodmebel.com\/?page_id=63"]}]},{"@type":"ImageObject","inLanguage":"tr","@id":"https:\/\/woodmebel.com\/?page_id=63#primaryimage","url":"https:\/\/woodmebel.com\/wp-content\/uploads\/2026\/04\/10006995941.jpg","contentUrl":"https:\/\/woodmebel.com\/wp-content\/uploads\/2026\/04\/10006995941.jpg","width":750,"height":750},{"@type":"BreadcrumbList","@id":"https:\/\/woodmebel.com\/?page_id=63#breadcrumb","itemListElement":[{"@type":"ListItem","position":1,"name":"Anasayfa","item":"https:\/\/woodmebel.com\/"},{"@type":"ListItem","position":2,"name":"M\u0259tb\u0259x mebeli"}]},{"@type":"WebSite","@id":"https:\/\/woodmebel.com\/#website","url":"https:\/\/woodmebel.com\/","name":"Woodmebel.com","description":"H\u018fR EV\u018f X\u00dcSUS\u0130 TOXUNU\u015e","publisher":{"@id":"https:\/\/woodmebel.com\/#organization"},"potentialAction":[{"@type":"SearchAction","target":{"@type":"EntryPoint","urlTemplate":"https:\/\/woodmebel.com\/?s={search_term_string}"},"query-input":{"@type":"PropertyValueSpecification","valueRequired":true,"valueName":"search_term_string"}}],"inLanguage":"tr"},{"@type":"Organization","@id":"https:\/\/woodmebel.com\/#organization","name":"Woodmebel.com","url":"https:\/\/woodmebel.com\/","logo":{"@type":"ImageObject","inLanguage":"tr","@id":"https:\/\/woodmebel.com\/#\/schema\/logo\/image\/","url":"https:\/\/woodmebel.com\/wp-content\/uploads\/2026\/04\/W-1-e1775677591581.png","contentUrl":"https:\/\/woodmebel.com\/wp-content\/uploads\/2026\/04\/W-1-e1775677591581.png","width":1200,"height":1200,"caption":"Woodmebel.com"},"image":{"@id":"https:\/\/woodmebel.com\/#\/schema\/logo\/image\/"}}]}},"_links":{"self":[{"href":"https:\/\/woodmebel.com\/index.php?rest_route=\/wp\/v2\/pages\/63","targetHints":{"allow":["GET"]}}],"collection":[{"href":"https:\/\/woodmebel.com\/index.php?rest_route=\/wp\/v2\/pages"}],"about":[{"href":"https:\/\/woodmebel.com\/index.php?rest_route=\/wp\/v2\/types\/page"}],"author":[{"embeddable":true,"href":"https:\/\/woodmebel.com\/index.php?rest_route=\/wp\/v2\/users\/1"}],"replies":[{"embeddable":true,"href":"https:\/\/woodmebel.com\/index.php?rest_route=%2Fwp%2Fv2%2Fcomments&post=63"}],"version-history":[{"count":2,"href":"https:\/\/woodmebel.com\/index.php?rest_route=\/wp\/v2\/pages\/63\/revisions"}],"predecessor-version":[{"id":69,"href":"https:\/\/woodmebel.com\/index.php?rest_route=\/wp\/v2\/pages\/63\/revisions\/69"}],"wp:attachment":[{"href":"https:\/\/woodmebel.com\/index.php?rest_route=%2Fwp%2Fv2%2Fmedia&parent=63"}],"curies":[{"name":"wp","href":"https:\/\/api.w.org\/{rel}","templated":true}]}}