{"id":78,"date":"2026-04-13T02:04:15","date_gmt":"2026-04-12T22:04:15","guid":{"rendered":"https:\/\/woodmebel.com\/?page_id=78"},"modified":"2026-04-13T03:18:44","modified_gmt":"2026-04-12T23:18:44","slug":"d%c9%99hliz-mebeli","status":"publish","type":"page","link":"https:\/\/woodmebel.com\/?page_id=78","title":{"rendered":"D\u0259hliz mebeli"},"content":{"rendered":"\n<figure class=\"wp-block-gallery has-nested-images columns-default is-cropped wp-block-gallery-1 is-layout-flex wp-block-gallery-is-layout-flex\">\n<figure class=\"wp-block-image size-large\"><img loading=\"lazy\" decoding=\"async\" width=\"640\" height=\"640\" data-id=\"80\" src=\"https:\/\/woodmebel.com\/wp-content\/uploads\/2026\/04\/10006943791.jpg\" alt=\"\" class=\"wp-image-80\" srcset=\"https:\/\/woodmebel.com\/wp-content\/uploads\/2026\/04\/10006943791.jpg 640w, https:\/\/woodmebel.com\/wp-content\/uploads\/2026\/04\/10006943791-300x300.jpg 300w, https:\/\/woodmebel.com\/wp-content\/uploads\/2026\/04\/10006943791-150x150.jpg 150w\" sizes=\"auto, (max-width: 640px) 100vw, 640px\" \/><\/figure>\n<\/figure>\n\n\n\n<p>D\u0259hliz mebeli ev\u0259 daxil olan zaman ilk g\u00f6r\u00fcn\u0259n mebel n\u00f6v\u00fcd\u00fcr. Bu mebel evin \u00fcmumi g\u00f6r\u00fcn\u00fc\u015f\u00fcn\u0259 t\u0259sir edir. D\u0259hliz \u00fc\u00e7\u00fcn \u0259sas mebell\u0259r ayaqqab\u0131 \u015fkaf\u0131 v\u0259 as\u0131lqand\u0131r. B\u0259z\u0259n g\u00fczg\u00fc d\u0259 \u0259lav\u0259 olunur. Mebel y\u0131\u011fcam v\u0259 funksional olmal\u0131d\u0131r. Ki\u00e7ik m\u0259kanlar \u00fc\u00e7\u00fcn kompakt modell\u0259r daha uy\u011fundur. D\u0259hliz mebeli s\u0259liq\u0259 yaratma\u011fa k\u00f6m\u0259k edir, ayaqqab\u0131 v\u0259 geyiml\u0259rin d\u00fczg\u00fcn yerl\u0259\u015fdirilm\u0259si t\u0259min olunur. A\u00e7\u0131q r\u0259ngl\u0259r m\u0259kan\u0131 daha geni\u015f g\u00f6st\u0259rir. Material se\u00e7imi d\u0259 m\u00f6hk\u0259m olmal\u0131d\u0131r \u00e7\u00fcnki d\u0259hliz mebeli tez-tez istifad\u0259 edildiyi \u00fc\u00e7\u00fcn davaml\u0131 olmal\u0131d\u0131r. G\u00fczg\u00fc \u0259lav\u0259 edilm\u0259si rahatl\u0131q yarad\u0131r. M\u00fcasir dizaynlar h\u0259m estetik, h\u0259m d\u0259 praktikdir. dem\u0259k olarki dehliz mebeli evin vizit kart\u0131 hesab olunur. Buna g\u00f6r\u0259 d\u0259hliz mebeli se\u00e7imi diqq\u0259tl\u0259 apar\u0131lmal\u0131d\u0131r.<\/p>\n\n\n\n<p><\/p>\n","protected":false},"excerpt":{"rendered":"<p>D\u0259hliz mebeli ev\u0259 daxil olan zaman ilk g\u00f6r\u00fcn\u0259n mebel n\u00f6v\u00fcd\u00fcr. Bu mebel evin \u00fcmumi g\u00f6r\u00fcn\u00fc\u015f\u00fcn\u0259 t\u0259sir edir. D\u0259hliz \u00fc\u00e7\u00fcn \u0259sas mebell\u0259r ayaqqab\u0131 \u015fkaf\u0131 v\u0259 as\u0131lqand\u0131r. B\u0259z\u0259n g\u00fczg\u00fc d\u0259 \u0259lav\u0259 olunur. Mebel y\u0131\u011fcam v\u0259 funksional olmal\u0131d\u0131r. Ki\u00e7ik m\u0259kanlar \u00fc\u00e7\u00fcn kompakt modell\u0259r daha uy\u011fundur. D\u0259hliz mebeli s\u0259liq\u0259 yaratma\u011fa k\u00f6m\u0259k edir, ayaqqab\u0131 v\u0259 geyiml\u0259rin d\u00fczg\u00fcn yerl\u0259\u015fdirilm\u0259si t\u0259min olunur. [&hellip;]<\/p>\n","protected":false},"author":1,"featured_media":0,"parent":0,"menu_order":0,"comment_status":"closed","ping_status":"closed","template":"","meta":{"footnotes":""},"class_list":["post-78","page","type-page","status-publish","hentry"],"yoast_head":"<!-- This site is optimized with the Yoast SEO plugin v27.3 - https:\/\/yoast.com\/product\/yoast-seo-wordpress\/ -->\n<title>D\u0259hliz mebeli - Woodmebel.com<\/title>\n<meta name=\"description\" content=\"D\u0259hliz mebeli ilk g\u00f6r\u00fcn\u0259n mebel n\u00f6v\u00fcd\u00fcr. Bu mebel evin \u00fcmumi g\u00f6r\u00fcn\u00fc\u015f\u00fcn\u0259 t\u0259sir edir. D\u0259hliz \u00fc\u00e7\u00fcn \u0259sas ayaqqab\u0131 \u015fkaf\u0131 v\u0259 as\u0131lqand\u0131r.\" \/>\n<meta name=\"robots\" content=\"index, follow, max-snippet:-1, max-image-preview:large, max-video-preview:-1\" \/>\n<link rel=\"canonical\" href=\"https:\/\/woodmebel.com\/?page_id=78\" \/>\n<meta property=\"og:locale\" content=\"tr_TR\" \/>\n<meta property=\"og:type\" content=\"article\" \/>\n<meta property=\"og:title\" content=\"D\u0259hliz mebeli - Woodmebel.com\" \/>\n<meta property=\"og:description\" content=\"D\u0259hliz mebeli ilk g\u00f6r\u00fcn\u0259n mebel n\u00f6v\u00fcd\u00fcr. Bu mebel evin \u00fcmumi g\u00f6r\u00fcn\u00fc\u015f\u00fcn\u0259 t\u0259sir edir. D\u0259hliz \u00fc\u00e7\u00fcn \u0259sas ayaqqab\u0131 \u015fkaf\u0131 v\u0259 as\u0131lqand\u0131r.\" \/>\n<meta property=\"og:url\" content=\"https:\/\/woodmebel.com\/?page_id=78\" \/>\n<meta property=\"og:site_name\" content=\"Woodmebel.com\" \/>\n<meta property=\"article:modified_time\" content=\"2026-04-12T23:18:44+00:00\" \/>\n<meta property=\"og:image\" content=\"https:\/\/woodmebel.com\/wp-content\/uploads\/2026\/04\/10006943791.jpg\" \/>\n\t<meta property=\"og:image:width\" content=\"640\" \/>\n\t<meta property=\"og:image:height\" content=\"640\" \/>\n\t<meta property=\"og:image:type\" content=\"image\/jpeg\" \/>\n<meta name=\"twitter:card\" content=\"summary_large_image\" \/>\n<meta name=\"twitter:label1\" content=\"Tahmini okuma s\u00fcresi\" \/>\n\t<meta name=\"twitter:data1\" content=\"1 dakika\" \/>\n<script type=\"application\/ld+json\" class=\"yoast-schema-graph\">{\"@context\":\"https:\\\/\\\/schema.org\",\"@graph\":[{\"@type\":\"WebPage\",\"@id\":\"https:\\\/\\\/woodmebel.com\\\/?page_id=78\",\"url\":\"https:\\\/\\\/woodmebel.com\\\/?page_id=78\",\"name\":\"D\u0259hliz mebeli - Woodmebel.com\",\"isPartOf\":{\"@id\":\"https:\\\/\\\/woodmebel.com\\\/#website\"},\"primaryImageOfPage\":{\"@id\":\"https:\\\/\\\/woodmebel.com\\\/?page_id=78#primaryimage\"},\"image\":{\"@id\":\"https:\\\/\\\/woodmebel.com\\\/?page_id=78#primaryimage\"},\"thumbnailUrl\":\"https:\\\/\\\/woodmebel.com\\\/wp-content\\\/uploads\\\/2026\\\/04\\\/10006943791.jpg\",\"datePublished\":\"2026-04-12T22:04:15+00:00\",\"dateModified\":\"2026-04-12T23:18:44+00:00\",\"description\":\"D\u0259hliz mebeli ilk g\u00f6r\u00fcn\u0259n mebel n\u00f6v\u00fcd\u00fcr. Bu mebel evin \u00fcmumi g\u00f6r\u00fcn\u00fc\u015f\u00fcn\u0259 t\u0259sir edir. D\u0259hliz \u00fc\u00e7\u00fcn \u0259sas ayaqqab\u0131 \u015fkaf\u0131 v\u0259 as\u0131lqand\u0131r.\",\"breadcrumb\":{\"@id\":\"https:\\\/\\\/woodmebel.com\\\/?page_id=78#breadcrumb\"},\"inLanguage\":\"tr\",\"potentialAction\":[{\"@type\":\"ReadAction\",\"target\":[\"https:\\\/\\\/woodmebel.com\\\/?page_id=78\"]}]},{\"@type\":\"ImageObject\",\"inLanguage\":\"tr\",\"@id\":\"https:\\\/\\\/woodmebel.com\\\/?page_id=78#primaryimage\",\"url\":\"https:\\\/\\\/woodmebel.com\\\/wp-content\\\/uploads\\\/2026\\\/04\\\/10006943791.jpg\",\"contentUrl\":\"https:\\\/\\\/woodmebel.com\\\/wp-content\\\/uploads\\\/2026\\\/04\\\/10006943791.jpg\",\"width\":640,\"height\":640},{\"@type\":\"BreadcrumbList\",\"@id\":\"https:\\\/\\\/woodmebel.com\\\/?page_id=78#breadcrumb\",\"itemListElement\":[{\"@type\":\"ListItem\",\"position\":1,\"name\":\"Anasayfa\",\"item\":\"https:\\\/\\\/woodmebel.com\\\/\"},{\"@type\":\"ListItem\",\"position\":2,\"name\":\"D\u0259hliz mebeli\"}]},{\"@type\":\"WebSite\",\"@id\":\"https:\\\/\\\/woodmebel.com\\\/#website\",\"url\":\"https:\\\/\\\/woodmebel.com\\\/\",\"name\":\"Woodmebel.com\",\"description\":\"H\u018fR EV\u018f X\u00dcSUS\u0130 TOXUNU\u015e\",\"publisher\":{\"@id\":\"https:\\\/\\\/woodmebel.com\\\/#organization\"},\"potentialAction\":[{\"@type\":\"SearchAction\",\"target\":{\"@type\":\"EntryPoint\",\"urlTemplate\":\"https:\\\/\\\/woodmebel.com\\\/?s={search_term_string}\"},\"query-input\":{\"@type\":\"PropertyValueSpecification\",\"valueRequired\":true,\"valueName\":\"search_term_string\"}}],\"inLanguage\":\"tr\"},{\"@type\":\"Organization\",\"@id\":\"https:\\\/\\\/woodmebel.com\\\/#organization\",\"name\":\"Woodmebel.com\",\"url\":\"https:\\\/\\\/woodmebel.com\\\/\",\"logo\":{\"@type\":\"ImageObject\",\"inLanguage\":\"tr\",\"@id\":\"https:\\\/\\\/woodmebel.com\\\/#\\\/schema\\\/logo\\\/image\\\/\",\"url\":\"https:\\\/\\\/woodmebel.com\\\/wp-content\\\/uploads\\\/2026\\\/04\\\/W-1-e1775677591581.png\",\"contentUrl\":\"https:\\\/\\\/woodmebel.com\\\/wp-content\\\/uploads\\\/2026\\\/04\\\/W-1-e1775677591581.png\",\"width\":1200,\"height\":1200,\"caption\":\"Woodmebel.com\"},\"image\":{\"@id\":\"https:\\\/\\\/woodmebel.com\\\/#\\\/schema\\\/logo\\\/image\\\/\"}}]}<\/script>\n<!-- \/ Yoast SEO plugin. -->","yoast_head_json":{"title":"D\u0259hliz mebeli - Woodmebel.com","description":"D\u0259hliz mebeli ilk g\u00f6r\u00fcn\u0259n mebel n\u00f6v\u00fcd\u00fcr. Bu mebel evin \u00fcmumi g\u00f6r\u00fcn\u00fc\u015f\u00fcn\u0259 t\u0259sir edir. D\u0259hliz \u00fc\u00e7\u00fcn \u0259sas ayaqqab\u0131 \u015fkaf\u0131 v\u0259 as\u0131lqand\u0131r.","robots":{"index":"index","follow":"follow","max-snippet":"max-snippet:-1","max-image-preview":"max-image-preview:large","max-video-preview":"max-video-preview:-1"},"canonical":"https:\/\/woodmebel.com\/?page_id=78","og_locale":"tr_TR","og_type":"article","og_title":"D\u0259hliz mebeli - Woodmebel.com","og_description":"D\u0259hliz mebeli ilk g\u00f6r\u00fcn\u0259n mebel n\u00f6v\u00fcd\u00fcr. Bu mebel evin \u00fcmumi g\u00f6r\u00fcn\u00fc\u015f\u00fcn\u0259 t\u0259sir edir. D\u0259hliz \u00fc\u00e7\u00fcn \u0259sas ayaqqab\u0131 \u015fkaf\u0131 v\u0259 as\u0131lqand\u0131r.","og_url":"https:\/\/woodmebel.com\/?page_id=78","og_site_name":"Woodmebel.com","article_modified_time":"2026-04-12T23:18:44+00:00","og_image":[{"width":640,"height":640,"url":"https:\/\/woodmebel.com\/wp-content\/uploads\/2026\/04\/10006943791.jpg","type":"image\/jpeg"}],"twitter_card":"summary_large_image","twitter_misc":{"Tahmini okuma s\u00fcresi":"1 dakika"},"schema":{"@context":"https:\/\/schema.org","@graph":[{"@type":"WebPage","@id":"https:\/\/woodmebel.com\/?page_id=78","url":"https:\/\/woodmebel.com\/?page_id=78","name":"D\u0259hliz mebeli - Woodmebel.com","isPartOf":{"@id":"https:\/\/woodmebel.com\/#website"},"primaryImageOfPage":{"@id":"https:\/\/woodmebel.com\/?page_id=78#primaryimage"},"image":{"@id":"https:\/\/woodmebel.com\/?page_id=78#primaryimage"},"thumbnailUrl":"https:\/\/woodmebel.com\/wp-content\/uploads\/2026\/04\/10006943791.jpg","datePublished":"2026-04-12T22:04:15+00:00","dateModified":"2026-04-12T23:18:44+00:00","description":"D\u0259hliz mebeli ilk g\u00f6r\u00fcn\u0259n mebel n\u00f6v\u00fcd\u00fcr. Bu mebel evin \u00fcmumi g\u00f6r\u00fcn\u00fc\u015f\u00fcn\u0259 t\u0259sir edir. D\u0259hliz \u00fc\u00e7\u00fcn \u0259sas ayaqqab\u0131 \u015fkaf\u0131 v\u0259 as\u0131lqand\u0131r.","breadcrumb":{"@id":"https:\/\/woodmebel.com\/?page_id=78#breadcrumb"},"inLanguage":"tr","potentialAction":[{"@type":"ReadAction","target":["https:\/\/woodmebel.com\/?page_id=78"]}]},{"@type":"ImageObject","inLanguage":"tr","@id":"https:\/\/woodmebel.com\/?page_id=78#primaryimage","url":"https:\/\/woodmebel.com\/wp-content\/uploads\/2026\/04\/10006943791.jpg","contentUrl":"https:\/\/woodmebel.com\/wp-content\/uploads\/2026\/04\/10006943791.jpg","width":640,"height":640},{"@type":"BreadcrumbList","@id":"https:\/\/woodmebel.com\/?page_id=78#breadcrumb","itemListElement":[{"@type":"ListItem","position":1,"name":"Anasayfa","item":"https:\/\/woodmebel.com\/"},{"@type":"ListItem","position":2,"name":"D\u0259hliz mebeli"}]},{"@type":"WebSite","@id":"https:\/\/woodmebel.com\/#website","url":"https:\/\/woodmebel.com\/","name":"Woodmebel.com","description":"H\u018fR EV\u018f X\u00dcSUS\u0130 TOXUNU\u015e","publisher":{"@id":"https:\/\/woodmebel.com\/#organization"},"potentialAction":[{"@type":"SearchAction","target":{"@type":"EntryPoint","urlTemplate":"https:\/\/woodmebel.com\/?s={search_term_string}"},"query-input":{"@type":"PropertyValueSpecification","valueRequired":true,"valueName":"search_term_string"}}],"inLanguage":"tr"},{"@type":"Organization","@id":"https:\/\/woodmebel.com\/#organization","name":"Woodmebel.com","url":"https:\/\/woodmebel.com\/","logo":{"@type":"ImageObject","inLanguage":"tr","@id":"https:\/\/woodmebel.com\/#\/schema\/logo\/image\/","url":"https:\/\/woodmebel.com\/wp-content\/uploads\/2026\/04\/W-1-e1775677591581.png","contentUrl":"https:\/\/woodmebel.com\/wp-content\/uploads\/2026\/04\/W-1-e1775677591581.png","width":1200,"height":1200,"caption":"Woodmebel.com"},"image":{"@id":"https:\/\/woodmebel.com\/#\/schema\/logo\/image\/"}}]}},"_links":{"self":[{"href":"https:\/\/woodmebel.com\/index.php?rest_route=\/wp\/v2\/pages\/78","targetHints":{"allow":["GET"]}}],"collection":[{"href":"https:\/\/woodmebel.com\/index.php?rest_route=\/wp\/v2\/pages"}],"about":[{"href":"https:\/\/woodmebel.com\/index.php?rest_route=\/wp\/v2\/types\/page"}],"author":[{"embeddable":true,"href":"https:\/\/woodmebel.com\/index.php?rest_route=\/wp\/v2\/users\/1"}],"replies":[{"embeddable":true,"href":"https:\/\/woodmebel.com\/index.php?rest_route=%2Fwp%2Fv2%2Fcomments&post=78"}],"version-history":[{"count":1,"href":"https:\/\/woodmebel.com\/index.php?rest_route=\/wp\/v2\/pages\/78\/revisions"}],"predecessor-version":[{"id":81,"href":"https:\/\/woodmebel.com\/index.php?rest_route=\/wp\/v2\/pages\/78\/revisions\/81"}],"wp:attachment":[{"href":"https:\/\/woodmebel.com\/index.php?rest_route=%2Fwp%2Fv2%2Fmedia&parent=78"}],"curies":[{"name":"wp","href":"https:\/\/api.w.org\/{rel}","templated":true}]}}